{"id":566,"date":"2024-11-25T22:33:20","date_gmt":"2024-11-25T20:33:20","guid":{"rendered":"https:\/\/didier.store\/?page_id=566"},"modified":"2024-11-25T22:34:58","modified_gmt":"2024-11-25T20:34:58","slug":"rekisteriseloste","status":"publish","type":"page","link":"https:\/\/didier.store\/en\/rekisteriseloste\/","title":{"rendered":"Privacy Policy"},"content":{"rendered":"<div data-elementor-type=\"wp-page\" data-elementor-id=\"566\" class=\"elementor elementor-566\" data-elementor-post-type=\"page\">\n\t\t\t\t<div class=\"elementor-element elementor-element-0b65b03 e-flex e-con-boxed e-con e-parent\" data-id=\"0b65b03\" data-element_type=\"container\" data-e-type=\"container\">\n\t\t\t\t\t<div class=\"e-con-inner\">\n\t\t\t\t<div class=\"elementor-element elementor-element-ce7a0a1 elementor-widget elementor-widget-heading\" data-id=\"ce7a0a1\" data-element_type=\"widget\" data-e-type=\"widget\" data-widget_type=\"heading.default\">\n\t\t\t\t<div class=\"elementor-widget-container\">\n\t\t\t\t\t<h2 class=\"elementor-heading-title elementor-size-default\">Privacy Policy<\/h2>\t\t\t\t<\/div>\n\t\t\t\t<\/div>\n\t\t\t\t<div class=\"elementor-element elementor-element-2a52e67 elementor-widget elementor-widget-text-editor\" data-id=\"2a52e67\" data-element_type=\"widget\" data-e-type=\"widget\" data-widget_type=\"text-editor.default\">\n\t\t\t\t<div class=\"elementor-widget-container\">\n\t\t\t\t\t\t\t\t\t<p>T\u00e4m\u00e4 tietosuojaseloste koskee Didier Events Oy (j\u00e4ljemp\u00e4n\u00e4 my\u00f6s \u201dDidier Events Oy\u201d tai \u201dme\u201d) ja www.didier.store -sivuston k\u00e4ytt\u00f6\u00e4 joka on laadittu henkil\u00f6tietolain \u00a710 ja 24 mukaisesti ja t\u00e4ytt\u00e4\u00e4 GDPR:n (EU:n yleinen tiesotuoja-asetus) mukaiset rekisteri- ja tietosuojaselostevaatimukset.<\/p><p>Laadittu: 25.11.2024<br \/>Viimeisin muutos: 25.11.2024<\/p><p>Rekisterinpit\u00e4j\u00e4<br \/>Rekisterinpit\u00e4j\u00e4: Didier Events Oy<br \/>Company id: 3376235-1<br \/>S\u00e4hk\u00f6postiosoite: patu.hannula@gmail.com<\/p><p>Mik\u00e4li kysymyksi\u00e4 tietosuoja-asioista ilmenee, voit ottaa meihin yhteytt\u00e4 yll\u00e4 olevilla yhteystiedoilla.<\/p><p>Yhteystiedot rekisterist\u00e4 vastaavalle<\/p><p>Patrik Hannula, patu.hannula@gmail.com<br \/>Rekisterin nimi<br \/>Verkkopalvelun k\u00e4ytt\u00e4j\u00e4rekisteri, markkinointirekisteri, asiakasrekisteri<\/p><p>\u00a0<\/p><p>Henkil\u00f6tietojen k\u00e4sittelyn tarkoitus sek\u00e4 oikeusperuste<br \/>Tietojenk\u00e4sittelylle on oikeusperuste EU:n yleisen tietosuoja-asetuksen mukaisesti.<\/p><p>Asiakassuhteidemme luomiseen ja niiden yll\u00e4pitoon k\u00e4yt\u00e4mme rekisteri\u00e4mme.<\/p><p>Vierailija antaa suostumuksensa henkil\u00f6tietojensa k\u00e4sittelyyn t\u00e4ss\u00e4 tietosuojaselosteessa mainittuihin tarkoituksiin l\u00e4hett\u00e4m\u00e4ll\u00e4 tiedot yhteydenottokaavakkeen tai WhatsApp nimisen sovelluksen kautta.<\/p><p>Rekisterin sis\u00e4lt\u00f6<br \/>Rekisteri sis\u00e4lt\u00e4\u00e4 vain yhteydenottolomakkeen tai WhatsApp sovelluksen kautta annetut tiedot jotka voivat sis\u00e4lt\u00e4\u00e4:<br \/>\u2013 T\u00e4yden nimen<br \/>\u2013 Osoitetiedot<br \/>\u2013 Ty\u00f6nantajan<br \/>\u2013 S\u00e4hk\u00f6postin<br \/>\u2013 Puhelinnumeron<br \/>\u2013 IP-osoite<\/p><p>Tietojen s\u00e4ilytysaika<br \/>Tiedot s\u00e4ilytet\u00e4\u00e4n kunnes asiakassuhde loppuu tai mahdollisia yhteisty\u00f6mahdollisuuksia ei katsota todenn\u00e4k\u00f6isiksi.<\/p><p>S\u00e4\u00e4nn\u00f6nmukaiset tietol\u00e4hteet<br \/>Sivustolla k\u00e4ytet\u00e4\u00e4n Google Analytics, Facebook Pixel, WhatsApp sek\u00e4 tarpeen mukaan muita ty\u00f6kaluja joilla mitataan verkkosivuston toiminta, markkinoinnin tehokkuus sek\u00e4 markkinoinnin tehostamista edesauttavia palveluita.<\/p><p>Tietojen luovutus EU:n tai Euroopan talousalueen ulkopuolelle<br \/>Tietoja ei luovuteta EU:n ulkopuolelle ellei asiasta ole sovittu asiakkaan kanssa erikseen.<\/p><p>Rekisterin suojaus<br \/>Rekisteri on salattu ja suojattu salasanoin kolmansien osapuolien toimesta.<\/p><p>Rekister\u00f6idyn oikeudet<br \/>Rekister\u00f6idyll\u00e4 on oikeus s\u00e4hk\u00f6postitse tai postilla rekisterinpit\u00e4j\u00e4n osoitteeseen pyyt\u00e4\u00e4 omat tiedot tai l\u00e4hett\u00e4\u00e4 poistopyynt\u00f6, oikaiseminen tai kielt\u00e4\u00e4 suoramarkkinointi.<\/p><p>Mihin tarkoitukseen Didier Events Oy ker\u00e4\u00e4 henkil\u00f6tietoja ja miksi?<br \/>Ker\u00e4\u00e4mme henkil\u00f6tietoja monenlaisiin tarkoituksiin, esimerkiksi asiakkaistamme ja ty\u00f6ntekij\u00f6ist\u00e4mme. T\u00e4h\u00e4n sis\u00e4ltyy sek\u00e4 nykyiset ett\u00e4 potentiaaliset asiakkaat ja ty\u00f6ntekij\u00e4t. N\u00e4m\u00e4 tarkoitukset kuvataan t\u00e4ss\u00e4 tietosuojaselosteessa.<\/p><p>Ev\u00e4steet Didier Events Oy verkkosivulla<br \/>K\u00e4yt\u00e4mme ev\u00e4steit\u00e4 (engl. Cookies) sivullamme. Ev\u00e4steit\u00e4 k\u00e4yt\u00e4mme analysoimaan ja kehitt\u00e4m\u00e4\u00e4n verkkosivuamme, sis\u00e4ll\u00f6ntuotantoon ja mainonnan luontiin ja kohdentamiseen.<\/p><p>Ev\u00e4steet ovat pieni\u00e4 tiedostoja joita verkkopalvelin tallentaa p\u00e4\u00e4telaitteellesi tai tietokoneellesi kun vierailet sivulla, joka k\u00e4ytt\u00e4\u00e4 ev\u00e4steit\u00e4. Kun seuraavan kerran vierailet sivulla, laitteesi l\u00e4hett\u00e4\u00e4 ev\u00e4steet takaisin verkkopalvelimelle, joka tietojen perusteella mukauttaa sis\u00e4lt\u00f6\u00e4, mainontaa, muistaa valintasi ja optimoi sivua sinua varten.<\/p><p>P\u00e4\u00e4s\u00e4\u00e4nt\u00f6isesti ev\u00e4steisiin ei tallennu mit\u00e4\u00e4n tietoja, joilla voisi tunnistaa tietty\u00e4 k\u00e4ytt\u00e4j\u00e4\u00e4 tai vierailijaa.<\/p><p>Ev\u00e4steiden hallinta<br \/>Verkkoselaimesi asetuksissa voit kielt\u00e4\u00e4 ev\u00e4steiden k\u00e4yt\u00f6n halutessasi (tai s\u00e4\u00e4nn\u00f6llisesti poistaa tallennetut ev\u00e4steet manuaalisesti selainhistoriasta). Monessa selaimessa voit surffata verkossa \u201cyksityistilassa\u201d, jolloin ev\u00e4steit\u00e4 ei tallenneta koneellesi tai p\u00e4\u00e4telaitteellesi. Joidenkin verkkosivustojen toimivuus saattaa kuitenkin k\u00e4rsi\u00e4, jos n\u00e4in tehd\u00e4\u00e4n.<\/p><p>Saatamme luovuttaa ev\u00e4stetietoja kolmansille osapuolille t\u00e4ss\u00e4 tietosuojaselosteessa kuvattuja tarkoituksia varten.<\/p><p>Kolmansien osapuolten ev\u00e4steet sivuillamme<br \/>K\u00e4yt\u00e4mme kolmannen osapuolen ev\u00e4steit\u00e4 verkkosivullamme. N\u00e4iden p\u00e4\u00e4tarkoitus on antaa meille parempaa tietoa ja dataa miten vierailijamme selaavat verkkosivujamme. N\u00e4in pystymme seuraamaan ja kehitt\u00e4m\u00e4\u00e4n verkkosivuamme paremmaksi ja tehokkaammaksi. Sivustollamme saattaa l\u00f6yty\u00e4 yhteis\u00f6palvelujen upotuksia, esimerkiksi Facebook, LinkedIn tai Instagram. Kyseiset palveluntarjoajat saattavat my\u00f6s k\u00e4ytt\u00e4\u00e4 ev\u00e4steit\u00e4 omiin tarkoituksiinsa.<\/p><p>Kolmansia osapuolia, jotka saattavat tallentaa ev\u00e4stetietoja p\u00e4\u00e4telaitteellesi, on Google Analytics, Google Tag Manager, Google Ads -palvelu, Facebook ja Instagram. Osa mainituista palveluista saattaa tallentaa tietoja EU:n ulkopuolella. Emme vastaa kolmansien osapuolten ev\u00e4steist\u00e4 tai niiden k\u00e4sittelyst\u00e4.<\/p>\t\t\t\t\t\t\t\t<\/div>\n\t\t\t\t<\/div>\n\t\t\t\t\t<\/div>\n\t\t\t\t<\/div>\n\t\t\t\t<\/div>","protected":false},"excerpt":{"rendered":"<p>Rekisteriseloste T\u00e4m\u00e4 tietosuojaseloste koskee Didier Events Oy (j\u00e4ljemp\u00e4n\u00e4 my\u00f6s \u201dDidier Events Oy\u201d tai \u201dme\u201d) ja www.didier.store -sivuston k\u00e4ytt\u00f6\u00e4 joka on [&hellip;]<\/p>","protected":false},"author":1,"featured_media":0,"parent":0,"menu_order":0,"comment_status":"closed","ping_status":"closed","template":"","meta":{"site-sidebar-layout":"no-sidebar","site-content-layout":"","ast-site-content-layout":"full-width-container","site-content-style":"default","site-sidebar-style":"default","ast-global-header-display":"","ast-banner-title-visibility":"","ast-main-header-display":"","ast-hfb-above-header-display":"","ast-hfb-below-header-display":"","ast-hfb-mobile-header-display":"","site-post-title":"disabled","ast-breadcrumbs-content":"","ast-featured-img":"disabled","footer-sml-layout":"","ast-disable-related-posts":"","theme-transparent-header-meta":"","adv-header-id-meta":"","stick-header-meta":"","header-above-stick-meta":"","header-main-stick-meta":"","header-below-stick-meta":"","astra-migrate-meta-layouts":"default","ast-page-background-enabled":"default","ast-page-background-meta":{"desktop":{"background-color":"var(--ast-global-color-4)","background-image":"","background-repeat":"repeat","background-position":"center center","background-size":"auto","background-attachment":"scroll","background-type":"","background-media":"","overlay-type":"","overlay-color":"","overlay-opacity":"","overlay-gradient":""},"tablet":{"background-color":"","background-image":"","background-repeat":"repeat","background-position":"center center","background-size":"auto","background-attachment":"scroll","background-type":"","background-media":"","overlay-type":"","overlay-color":"","overlay-opacity":"","overlay-gradient":""},"mobile":{"background-color":"","background-image":"","background-repeat":"repeat","background-position":"center center","background-size":"auto","background-attachment":"scroll","background-type":"","background-media":"","overlay-type":"","overlay-color":"","overlay-opacity":"","overlay-gradient":""}},"ast-content-background-meta":{"desktop":{"background-color":"var(--ast-global-color-5)","background-image":"","background-repeat":"repeat","background-position":"center center","background-size":"auto","background-attachment":"scroll","background-type":"","background-media":"","overlay-type":"","overlay-color":"","overlay-opacity":"","overlay-gradient":""},"tablet":{"background-color":"var(--ast-global-color-5)","background-image":"","background-repeat":"repeat","background-position":"center center","background-size":"auto","background-attachment":"scroll","background-type":"","background-media":"","overlay-type":"","overlay-color":"","overlay-opacity":"","overlay-gradient":""},"mobile":{"background-color":"var(--ast-global-color-5)","background-image":"","background-repeat":"repeat","background-position":"center center","background-size":"auto","background-attachment":"scroll","background-type":"","background-media":"","overlay-type":"","overlay-color":"","overlay-opacity":"","overlay-gradient":""}},"footnotes":""},"class_list":["post-566","page","type-page","status-publish","hentry"],"yoast_head":"<!-- This site is optimized with the Yoast SEO plugin v27.4 - https:\/\/yoast.com\/product\/yoast-seo-wordpress\/ -->\n<title>Rekisteriseloste - DIDIER<\/title>\n<meta name=\"robots\" content=\"index, follow, max-snippet:-1, max-image-preview:large, max-video-preview:-1\" \/>\n<link rel=\"canonical\" href=\"https:\/\/didier.store\/en\/rekisteriseloste\/\" \/>\n<meta property=\"og:locale\" content=\"en_US\" \/>\n<meta property=\"og:type\" content=\"article\" \/>\n<meta property=\"og:title\" content=\"Rekisteriseloste - DIDIER\" \/>\n<meta property=\"og:description\" content=\"Rekisteriseloste T\u00e4m\u00e4 tietosuojaseloste koskee Didier Events Oy (j\u00e4ljemp\u00e4n\u00e4 my\u00f6s \u201dDidier Events Oy\u201d tai \u201dme\u201d) ja www.didier.store -sivuston k\u00e4ytt\u00f6\u00e4 joka on [&hellip;]\" \/>\n<meta property=\"og:url\" content=\"https:\/\/didier.store\/en\/rekisteriseloste\/\" \/>\n<meta property=\"og:site_name\" content=\"DIDIER\" \/>\n<meta property=\"article:publisher\" content=\"https:\/\/www.facebook.com\/p\/Didier-Events-61553059211192\/\" \/>\n<meta property=\"article:modified_time\" content=\"2024-11-25T20:34:58+00:00\" \/>\n<meta name=\"twitter:card\" content=\"summary_large_image\" \/>\n<meta name=\"twitter:label1\" content=\"Est. reading time\" \/>\n\t<meta name=\"twitter:data1\" content=\"3 minutes\" \/>\n<script type=\"application\/ld+json\" class=\"yoast-schema-graph\">{\"@context\":\"https:\\\/\\\/schema.org\",\"@graph\":[{\"@type\":\"WebPage\",\"@id\":\"https:\\\/\\\/didier.store\\\/en\\\/rekisteriseloste\\\/\",\"url\":\"https:\\\/\\\/didier.store\\\/en\\\/rekisteriseloste\\\/\",\"name\":\"Rekisteriseloste - DIDIER\",\"isPartOf\":{\"@id\":\"https:\\\/\\\/didier.store\\\/en\\\/#website\"},\"datePublished\":\"2024-11-25T20:33:20+00:00\",\"dateModified\":\"2024-11-25T20:34:58+00:00\",\"breadcrumb\":{\"@id\":\"https:\\\/\\\/didier.store\\\/en\\\/rekisteriseloste\\\/#breadcrumb\"},\"inLanguage\":\"en-US\",\"potentialAction\":[{\"@type\":\"ReadAction\",\"target\":[\"https:\\\/\\\/didier.store\\\/en\\\/rekisteriseloste\\\/\"]}]},{\"@type\":\"BreadcrumbList\",\"@id\":\"https:\\\/\\\/didier.store\\\/en\\\/rekisteriseloste\\\/#breadcrumb\",\"itemListElement\":[{\"@type\":\"ListItem\",\"position\":1,\"name\":\"Home\",\"item\":\"https:\\\/\\\/didier.store\\\/en\\\/\"},{\"@type\":\"ListItem\",\"position\":2,\"name\":\"Rekisteriseloste\"}]},{\"@type\":\"WebSite\",\"@id\":\"https:\\\/\\\/didier.store\\\/en\\\/#website\",\"url\":\"https:\\\/\\\/didier.store\\\/en\\\/\",\"name\":\"DIDIER\",\"description\":\"Nyrkkeilytapahtumat, jotka j\u00e4tt\u00e4v\u00e4t j\u00e4lkens\u00e4\",\"publisher\":{\"@id\":\"https:\\\/\\\/didier.store\\\/en\\\/#organization\"},\"potentialAction\":[{\"@type\":\"SearchAction\",\"target\":{\"@type\":\"EntryPoint\",\"urlTemplate\":\"https:\\\/\\\/didier.store\\\/en\\\/?s={search_term_string}\"},\"query-input\":{\"@type\":\"PropertyValueSpecification\",\"valueRequired\":true,\"valueName\":\"search_term_string\"}}],\"inLanguage\":\"en-US\"},{\"@type\":\"Organization\",\"@id\":\"https:\\\/\\\/didier.store\\\/en\\\/#organization\",\"name\":\"DIDIER\",\"url\":\"https:\\\/\\\/didier.store\\\/en\\\/\",\"logo\":{\"@type\":\"ImageObject\",\"inLanguage\":\"en-US\",\"@id\":\"https:\\\/\\\/didier.store\\\/en\\\/#\\\/schema\\\/logo\\\/image\\\/\",\"url\":\"https:\\\/\\\/didier.store\\\/wp-content\\\/uploads\\\/2024\\\/12\\\/Didier-512-x-512.png\",\"contentUrl\":\"https:\\\/\\\/didier.store\\\/wp-content\\\/uploads\\\/2024\\\/12\\\/Didier-512-x-512.png\",\"width\":512,\"height\":512,\"caption\":\"DIDIER\"},\"image\":{\"@id\":\"https:\\\/\\\/didier.store\\\/en\\\/#\\\/schema\\\/logo\\\/image\\\/\"},\"sameAs\":[\"https:\\\/\\\/www.facebook.com\\\/p\\\/Didier-Events-61553059211192\\\/\",\"https:\\\/\\\/www.instagram.com\\\/didier.boxing\\\/\",\"https:\\\/\\\/www.tiktok.com\\\/@didier_boxing\\\/\"]}]}<\/script>\n<!-- \/ Yoast SEO plugin. -->","yoast_head_json":{"title":"Rekisteriseloste - DIDIER","robots":{"index":"index","follow":"follow","max-snippet":"max-snippet:-1","max-image-preview":"max-image-preview:large","max-video-preview":"max-video-preview:-1"},"canonical":"https:\/\/didier.store\/en\/rekisteriseloste\/","og_locale":"en_US","og_type":"article","og_title":"Rekisteriseloste - DIDIER","og_description":"Rekisteriseloste T\u00e4m\u00e4 tietosuojaseloste koskee Didier Events Oy (j\u00e4ljemp\u00e4n\u00e4 my\u00f6s \u201dDidier Events Oy\u201d tai \u201dme\u201d) ja www.didier.store -sivuston k\u00e4ytt\u00f6\u00e4 joka on [&hellip;]","og_url":"https:\/\/didier.store\/en\/rekisteriseloste\/","og_site_name":"DIDIER","article_publisher":"https:\/\/www.facebook.com\/p\/Didier-Events-61553059211192\/","article_modified_time":"2024-11-25T20:34:58+00:00","twitter_card":"summary_large_image","twitter_misc":{"Est. reading time":"3 minutes"},"schema":{"@context":"https:\/\/schema.org","@graph":[{"@type":"WebPage","@id":"https:\/\/didier.store\/en\/rekisteriseloste\/","url":"https:\/\/didier.store\/en\/rekisteriseloste\/","name":"Rekisteriseloste - DIDIER","isPartOf":{"@id":"https:\/\/didier.store\/en\/#website"},"datePublished":"2024-11-25T20:33:20+00:00","dateModified":"2024-11-25T20:34:58+00:00","breadcrumb":{"@id":"https:\/\/didier.store\/en\/rekisteriseloste\/#breadcrumb"},"inLanguage":"en-US","potentialAction":[{"@type":"ReadAction","target":["https:\/\/didier.store\/en\/rekisteriseloste\/"]}]},{"@type":"BreadcrumbList","@id":"https:\/\/didier.store\/en\/rekisteriseloste\/#breadcrumb","itemListElement":[{"@type":"ListItem","position":1,"name":"Home","item":"https:\/\/didier.store\/en\/"},{"@type":"ListItem","position":2,"name":"Rekisteriseloste"}]},{"@type":"WebSite","@id":"https:\/\/didier.store\/en\/#website","url":"https:\/\/didier.store\/en\/","name":"DIDIER","description":"Nyrkkeilytapahtumat, jotka j\u00e4tt\u00e4v\u00e4t j\u00e4lkens\u00e4","publisher":{"@id":"https:\/\/didier.store\/en\/#organization"},"potentialAction":[{"@type":"SearchAction","target":{"@type":"EntryPoint","urlTemplate":"https:\/\/didier.store\/en\/?s={search_term_string}"},"query-input":{"@type":"PropertyValueSpecification","valueRequired":true,"valueName":"search_term_string"}}],"inLanguage":"en-US"},{"@type":"Organization","@id":"https:\/\/didier.store\/en\/#organization","name":"DIDIER","url":"https:\/\/didier.store\/en\/","logo":{"@type":"ImageObject","inLanguage":"en-US","@id":"https:\/\/didier.store\/en\/#\/schema\/logo\/image\/","url":"https:\/\/didier.store\/wp-content\/uploads\/2024\/12\/Didier-512-x-512.png","contentUrl":"https:\/\/didier.store\/wp-content\/uploads\/2024\/12\/Didier-512-x-512.png","width":512,"height":512,"caption":"DIDIER"},"image":{"@id":"https:\/\/didier.store\/en\/#\/schema\/logo\/image\/"},"sameAs":["https:\/\/www.facebook.com\/p\/Didier-Events-61553059211192\/","https:\/\/www.instagram.com\/didier.boxing\/","https:\/\/www.tiktok.com\/@didier_boxing\/"]}]}},"_links":{"self":[{"href":"https:\/\/didier.store\/en\/wp-json\/wp\/v2\/pages\/566","targetHints":{"allow":["GET"]}}],"collection":[{"href":"https:\/\/didier.store\/en\/wp-json\/wp\/v2\/pages"}],"about":[{"href":"https:\/\/didier.store\/en\/wp-json\/wp\/v2\/types\/page"}],"author":[{"embeddable":true,"href":"https:\/\/didier.store\/en\/wp-json\/wp\/v2\/users\/1"}],"replies":[{"embeddable":true,"href":"https:\/\/didier.store\/en\/wp-json\/wp\/v2\/comments?post=566"}],"version-history":[{"count":4,"href":"https:\/\/didier.store\/en\/wp-json\/wp\/v2\/pages\/566\/revisions"}],"predecessor-version":[{"id":570,"href":"https:\/\/didier.store\/en\/wp-json\/wp\/v2\/pages\/566\/revisions\/570"}],"wp:attachment":[{"href":"https:\/\/didier.store\/en\/wp-json\/wp\/v2\/media?parent=566"}],"curies":[{"name":"wp","href":"https:\/\/api.w.org\/{rel}","templated":true}]}}